{"id":136,"date":"2018-05-24T13:28:44","date_gmt":"2018-05-24T11:28:44","guid":{"rendered":"http:\/\/therollingwines.com\/?page_id=136"},"modified":"2021-02-08T17:18:50","modified_gmt":"2021-02-08T16:18:50","slug":"connaissance-des-vins","status":"publish","type":"page","link":"https:\/\/therollingwines.com\/index.php\/prestations\/connaissance-des-vins\/","title":{"rendered":"Transmettre la passion du vin"},"content":{"rendered":"<p>[et_pb_section fb_built=&#8221;1&#8243; _builder_version=&#8221;4.7.7&#8243; background_color=&#8221;#ece9d8&#8243; custom_padding=&#8221;15px||33px|||&#8221;][et_pb_row _builder_version=&#8221;3.25&#8243; background_size=&#8221;initial&#8221; background_position=&#8221;top_left&#8221; background_repeat=&#8221;repeat&#8221;][et_pb_column type=&#8221;4_4&#8243; _builder_version=&#8221;3.25&#8243; custom_padding=&#8221;|||&#8221; custom_padding__hover=&#8221;|||&#8221;][et_pb_text _builder_version=&#8221;4.7.7&#8243; text_font=&#8221;|700||on|||||&#8221; text_text_color=&#8221;#8f004d&#8221; text_letter_spacing=&#8221;2px&#8221; background_size=&#8221;initial&#8221; background_position=&#8221;top_left&#8221; background_repeat=&#8221;repeat&#8221; custom_margin=&#8221;-2px||18px|||&#8221;]<\/p>\n<p style=\"text-align: center;\">PRESTATIONS<\/p>\n<p>[\/et_pb_text][et_pb_text _builder_version=&#8221;4.7.7&#8243; background_size=&#8221;initial&#8221; background_position=&#8221;top_left&#8221; background_repeat=&#8221;repeat&#8221; min_height=&#8221;41px&#8221; custom_margin=&#8221;32px||0px|||&#8221;]<\/p>\n<h1 style=\"text-align: center;\"><strong>Transmettre la passion du vin<\/strong><\/h1>\n<p>[\/et_pb_text][et_pb_divider divider_position=&#8221;center&#8221; divider_weight=&#8221;3px&#8221; _builder_version=&#8221;4.7.7&#8243; _module_preset=&#8221;default&#8221; width=&#8221;100%&#8221; module_alignment=&#8221;center&#8221; custom_margin=&#8221;0px|0px|-13px|0px|false|false&#8221; custom_padding=&#8221;0px|0px|8px|0px|false|false&#8221; border_radii=&#8221;on|8px|8px|8px|8px&#8221; global_module=&#8221;637&#8243; saved_tabs=&#8221;all&#8221;][\/et_pb_divider][\/et_pb_column][\/et_pb_row][et_pb_row _builder_version=&#8221;3.25&#8243; background_size=&#8221;initial&#8221; background_position=&#8221;top_left&#8221; background_repeat=&#8221;repeat&#8221; custom_padding=&#8221;1px|||||&#8221;][et_pb_column type=&#8221;4_4&#8243; _builder_version=&#8221;3.25&#8243; custom_padding=&#8221;|||&#8221; custom_padding__hover=&#8221;|||&#8221;][et_pb_text _builder_version=&#8221;4.7.7&#8243; background_size=&#8221;initial&#8221; background_position=&#8221;top_left&#8221; background_repeat=&#8221;repeat&#8221; custom_margin=&#8221;||35px|||&#8221; custom_padding=&#8221;|50px||50px||&#8221;]<\/p>\n<p style=\"text-align: center;\"><strong>Titulaire du Dipl\u00f4me national d\u2019\u0153nologue<\/strong>, Christophe Reboul a une connaissance approfondie des vins. Excellent d\u00e9gustateur, il sait aussi s\u2019adapter \u00e0 tous les publics, du n\u00e9ophyte \u00e0 l\u2019amateur averti pour faire partager sa passion. Ses prestations allient professionnalisme et jeux ludiques pour que la d\u00e9gustation reste un plaisir.<\/p>\n<p style=\"text-align: center;\"><strong>Ces prestations sont propos\u00e9es \u00e0 domicile, avec ou sans le wine-truck<\/strong> The Rolling Wines, avec possibilit\u00e9 de snacking. La d\u00e9tention d\u2019une Licence III permet \u00e0 Christophe Reboul d\u2019exercer son activit\u00e9 en conformit\u00e9 avec la r\u00e9glementation sur les vins et boissons alcoolis\u00e9es.<\/p>\n<ul>\n<li style=\"text-align: center;\"><strong> Pour les entreprises, associations, collectivit\u00e9s et particuliers<br \/> <\/strong>&#8211; Les cl\u00e9s de la d\u00e9gustation : les diff\u00e9rentes \u00e9tapes d\u2019une d\u00e9gustation, comprendre l\u2019\u00e9quilibre d\u2019un vin, identifier les ar\u00f4mes\u2026<br \/> &#8211; D\u00e9gustation \u00e0 th\u00e8me : c\u00e9pages et terroirs, les grandes r\u00e9gions viticoles, vins biologiques et biodynamiques\u2026<br \/> &#8211; Atelier \u0153nologique ludique (quiz ar\u00f4mes, d\u00e9gustation en verre noir, accords mets et vins\u2026).<\/li>\n<\/ul>\n<p style=\"text-align: center;\"><strong>\u2022 Pour les restaurants<br \/> <\/strong>&#8211; Formation des personnels de service : savoir parler des vins propos\u00e9s \u00e0 la carte, bien conseiller le client, optimiser les conditions de service\u2026<\/p>\n<p>[\/et_pb_text][et_pb_gallery gallery_ids=&#8221;226,227,240,238&#8243; show_title_and_caption=&#8221;off&#8221; show_pagination=&#8221;off&#8221; hover_icon=&#8221;%%47%%&#8221; _builder_version=&#8221;4.7.7&#8243; _module_preset=&#8221;default&#8221; custom_margin=&#8221;-1px||-5px|||&#8221; custom_padding=&#8221;2px||0px|||&#8221; border_radii=&#8221;on|20px|20px|20px|20px&#8221; border_radii_image=&#8221;on|20px|20px|20px|20px&#8221;][\/et_pb_gallery][et_pb_divider divider_position=&#8221;center&#8221; divider_weight=&#8221;3px&#8221; _builder_version=&#8221;4.7.7&#8243; _module_preset=&#8221;default&#8221; width=&#8221;100%&#8221; module_alignment=&#8221;center&#8221; custom_margin=&#8221;0px|0px|-13px|0px|false|false&#8221; custom_padding=&#8221;0px|0px|8px|0px|false|false&#8221; border_radii=&#8221;on|8px|8px|8px|8px&#8221; saved_tabs=&#8221;all&#8221; global_module=&#8221;637&#8243;][\/et_pb_divider][et_pb_text _builder_version=&#8221;4.7.7&#8243; background_size=&#8221;initial&#8221; background_position=&#8221;top_left&#8221; background_repeat=&#8221;repeat&#8221; custom_margin=&#8221;-2px|||||&#8221; custom_padding=&#8221;15px|||||&#8221; hover_enabled=&#8221;0&#8243; sticky_enabled=&#8221;0&#8243;]<\/p>\n<p style=\"text-align: center;\"><strong><a href=\"\/index.php\/prestations\/wine-truck\/\">Un bar \u00e0 vins itin\u00e9rant<\/a> \u2022 Transmettre la passion du vin \u2022 <a href=\"\/index.php\/prestations\/evenements-et-soirees-privees\/\"> Place \u00e0 la cr\u00e9ativit\u00e9<\/a><br \/> <\/strong><\/p>\n<p>[\/et_pb_text][\/et_pb_column][\/et_pb_row][\/et_pb_section]<\/p>\n","protected":false},"excerpt":{"rendered":"<p>[et_pb_section fb_built=&#8221;1&#8243; _builder_version=&#8221;4.7.7&#8243; background_color=&#8221;#ece9d8&#8243; custom_padding=&#8221;15px||33px|||&#8221;][et_pb_row _builder_version=&#8221;3.25&#8243; background_size=&#8221;initial&#8221; background_position=&#8221;top_left&#8221; background_repeat=&#8221;repeat&#8221;][et_pb_column type=&#8221;4_4&#8243; _builder_version=&#8221;3.25&#8243; custom_padding=&#8221;|||&#8221; custom_padding__hover=&#8221;|||&#8221;][et_pb_text _builder_version=&#8221;4.7.7&#8243; text_font=&#8221;|700||on|||||&#8221; text_text_color=&#8221;#8f004d&#8221; text_letter_spacing=&#8221;2px&#8221; background_size=&#8221;initial&#8221; background_position=&#8221;top_left&#8221; background_repeat=&#8221;repeat&#8221; custom_margin=&#8221;-2px||18px|||&#8221;] PRESTATIONS [\/et_pb_text][et_pb_text _builder_version=&#8221;4.7.7&#8243; background_size=&#8221;initial&#8221; background_position=&#8221;top_left&#8221; background_repeat=&#8221;repeat&#8221; min_height=&#8221;41px&#8221; custom_margin=&#8221;32px||0px|||&#8221;] Transmettre la passion du vin [\/et_pb_text][et_pb_divider divider_position=&#8221;center&#8221; divider_weight=&#8221;3px&#8221; _builder_version=&#8221;4.7.7&#8243; _module_preset=&#8221;default&#8221; width=&#8221;100%&#8221; module_alignment=&#8221;center&#8221; custom_margin=&#8221;0px|0px|-13px|0px|false|false&#8221; custom_padding=&#8221;0px|0px|8px|0px|false|false&#8221; border_radii=&#8221;on|8px|8px|8px|8px&#8221; global_module=&#8221;637&#8243; saved_tabs=&#8221;all&#8221;][\/et_pb_divider][\/et_pb_column][\/et_pb_row][et_pb_row _builder_version=&#8221;3.25&#8243; background_size=&#8221;initial&#8221; background_position=&#8221;top_left&#8221; background_repeat=&#8221;repeat&#8221; custom_padding=&#8221;1px|||||&#8221;][et_pb_column type=&#8221;4_4&#8243; _builder_version=&#8221;3.25&#8243; custom_padding=&#8221;|||&#8221; custom_padding__hover=&#8221;|||&#8221;][et_pb_text [&hellip;]<\/p>\n","protected":false},"author":1,"featured_media":0,"parent":132,"menu_order":1,"comment_status":"closed","ping_status":"closed","template":"","meta":{"_et_pb_use_builder":"on","_et_pb_old_content":"&nbsp;\r\n\r\n[foogallery id=\"317\"]\r\n\r\n&nbsp;\r\n\r\n<strong>Titulaire du Dipl\u00f4me national d\u2019\u0153nologue<\/strong>, Christophe Reboul a une connaissance approfondie des vins. Excellent d\u00e9gustateur, il sait aussi s\u2019adapter \u00e0 tous les publics, du n\u00e9ophyte \u00e0 l\u2019amateur averti pour faire partager sa passion. Ses prestations allient professionnalisme et jeux ludiques pour que la d\u00e9gustation reste un plaisir.\r\n<strong>Ces prestations sont propos\u00e9es \u00e0 domicile, avec ou sans le wine-truck<\/strong> The Rolling Wines, avec possibilit\u00e9 de snacking. La d\u00e9tention d\u2019une Licence III permet \u00e0 Christophe Reboul d\u2019exercer son activit\u00e9 en conformit\u00e9 avec la r\u00e9glementation sur les vins et boissons alcoolis\u00e9es.\r\n<ul>\r\n \t<li><strong> Pour les entreprises, associations, collectivit\u00e9s et particuliers\r\n<\/strong>- Les cl\u00e9s de la d\u00e9gustation : les diff\u00e9rentes \u00e9tapes d\u2019une d\u00e9gustation, comprendre l\u2019\u00e9quilibre d\u2019un vin, identifier les ar\u00f4mes\u2026\r\n- D\u00e9gustation \u00e0 th\u00e8me : c\u00e9pages et terroirs, les grandes r\u00e9gions viticoles, vins biologiques et biodynamiques\u2026\r\n- Atelier \u0153nologique ludique (quiz ar\u00f4mes, d\u00e9gustation en verre noir, accords mets et vins\u2026).<\/li>\r\n \t<li><strong>Pour les restaurants\r\n<\/strong>- Formation des personnels de service : savoir parler des vins propos\u00e9s \u00e0 la carte, bien conseiller le client, optimiser les conditions de service\u2026<\/li>\r\n<\/ul>","_et_gb_content_width":""},"_links":{"self":[{"href":"https:\/\/therollingwines.com\/index.php\/wp-json\/wp\/v2\/pages\/136"}],"collection":[{"href":"https:\/\/therollingwines.com\/index.php\/wp-json\/wp\/v2\/pages"}],"about":[{"href":"https:\/\/therollingwines.com\/index.php\/wp-json\/wp\/v2\/types\/page"}],"author":[{"embeddable":true,"href":"https:\/\/therollingwines.com\/index.php\/wp-json\/wp\/v2\/users\/1"}],"replies":[{"embeddable":true,"href":"https:\/\/therollingwines.com\/index.php\/wp-json\/wp\/v2\/comments?post=136"}],"version-history":[{"count":13,"href":"https:\/\/therollingwines.com\/index.php\/wp-json\/wp\/v2\/pages\/136\/revisions"}],"predecessor-version":[{"id":755,"href":"https:\/\/therollingwines.com\/index.php\/wp-json\/wp\/v2\/pages\/136\/revisions\/755"}],"up":[{"embeddable":true,"href":"https:\/\/therollingwines.com\/index.php\/wp-json\/wp\/v2\/pages\/132"}],"wp:attachment":[{"href":"https:\/\/therollingwines.com\/index.php\/wp-json\/wp\/v2\/media?parent=136"}],"curies":[{"name":"wp","href":"https:\/\/api.w.org\/{rel}","templated":true}]}}