{"id":140,"date":"2018-05-24T13:30:13","date_gmt":"2018-05-24T11:30:13","guid":{"rendered":"http:\/\/therollingwines.com\/?page_id=140"},"modified":"2021-02-08T17:18:57","modified_gmt":"2021-02-08T16:18:57","slug":"evenements-et-soirees-privees","status":"publish","type":"page","link":"https:\/\/therollingwines.com\/index.php\/prestations\/evenements-et-soirees-privees\/","title":{"rendered":"Place \u00e0 la cr\u00e9ativit\u00e9"},"content":{"rendered":"<p>[et_pb_section fb_built=&#8221;1&#8243; _builder_version=&#8221;4.7.7&#8243; background_color=&#8221;#ece9d8&#8243; custom_padding=&#8221;15px||33px|||&#8221;][et_pb_row _builder_version=&#8221;3.25&#8243; background_size=&#8221;initial&#8221; background_position=&#8221;top_left&#8221; background_repeat=&#8221;repeat&#8221;][et_pb_column type=&#8221;4_4&#8243; _builder_version=&#8221;3.25&#8243; custom_padding=&#8221;|||&#8221; custom_padding__hover=&#8221;|||&#8221;][et_pb_text _builder_version=&#8221;4.7.7&#8243; text_font=&#8221;|700||on|||||&#8221; text_text_color=&#8221;#8f004d&#8221; text_letter_spacing=&#8221;2px&#8221; background_size=&#8221;initial&#8221; background_position=&#8221;top_left&#8221; background_repeat=&#8221;repeat&#8221; custom_margin=&#8221;-2px||18px|||&#8221;]<\/p>\n<p style=\"text-align: center;\">PRESTATIONS<\/p>\n<p>[\/et_pb_text][et_pb_text _builder_version=&#8221;4.7.7&#8243; background_size=&#8221;initial&#8221; background_position=&#8221;top_left&#8221; background_repeat=&#8221;repeat&#8221; custom_margin=&#8221;32px||0px|||&#8221;]<\/p>\n<h1 style=\"text-align: center;\"><strong>Place \u00e0 la cr\u00e9ativit\u00e9<\/strong><\/h1>\n<p>[\/et_pb_text][et_pb_divider divider_position=&#8221;center&#8221; divider_weight=&#8221;3px&#8221; _builder_version=&#8221;4.7.7&#8243; _module_preset=&#8221;default&#8221; width=&#8221;100%&#8221; module_alignment=&#8221;center&#8221; custom_margin=&#8221;0px|0px|-13px|0px|false|false&#8221; custom_padding=&#8221;0px|0px|8px|0px|false|false&#8221; border_radii=&#8221;on|8px|8px|8px|8px&#8221; global_module=&#8221;637&#8243; saved_tabs=&#8221;all&#8221;][\/et_pb_divider][\/et_pb_column][\/et_pb_row][et_pb_row _builder_version=&#8221;3.25&#8243; background_size=&#8221;initial&#8221; background_position=&#8221;top_left&#8221; background_repeat=&#8221;repeat&#8221; custom_padding=&#8221;1px|||||&#8221;][et_pb_column type=&#8221;4_4&#8243; _builder_version=&#8221;3.25&#8243; custom_padding=&#8221;|||&#8221; custom_padding__hover=&#8221;|||&#8221;][et_pb_text _builder_version=&#8221;4.7.7&#8243; background_size=&#8221;initial&#8221; background_position=&#8221;top_left&#8221; background_repeat=&#8221;repeat&#8221; custom_margin=&#8221;-13px|||||&#8221;]<\/p>\n<p style=\"text-align: center;\"><strong>Que vous soyez une entreprise, une association, un restaurant ou un particulier,<\/strong> The Rolling Wines vous propose, \u00e0 domicile ou dans le lieu de votre choix*, une animation originale et conviviale. Ces prestations sont propos\u00e9es avec ou sans le wine-truck, avec possibilit\u00e9 de snacking.<\/p>\n<ul style=\"text-align: center;\">\n<li><strong>Ap\u00e9ritifs d\u00e9gustation<\/strong> avec animations ludiques (quiz ar\u00f4mes, d\u00e9gustation en verre noir, accords mets et vins\u2026)<\/li>\n<li><strong>Corner \u00ab vin \u00bb<\/strong> lors d\u2019un cocktail, d\u2019une soir\u00e9e\u2026<\/li>\n<li><strong>Animation \u0153nologique<\/strong> lors d\u2019un mariage, anniversaire, cr\u00e9maill\u00e8re\u2026<\/li>\n<li><strong>Animation d\u00e9gustation<\/strong> lors d\u2019une journ\u00e9e portes-ouvertes, r\u00e9ception des clients\/adh\u00e9rents\u2026<\/li>\n<li><strong>Pour un restaurateur,<\/strong> animation de la carte des vins, soir\u00e9e \u00ab Accords mets et vins \u00bb\u2026<\/li>\n<\/ul>\n<p style=\"text-align: center;\">* La d\u00e9tention d\u2019une Licence III permet \u00e0 Christophe Reboul d\u2019exercer son activit\u00e9 en conformit\u00e9 avec la r\u00e9glementation sur les vins et boissons alcoolis\u00e9es.<\/p>\n<p>&nbsp;<\/p>\n<p>[\/et_pb_text][et_pb_gallery gallery_ids=&#8221;220,240,236,225&#8243; show_title_and_caption=&#8221;off&#8221; show_pagination=&#8221;off&#8221; hover_icon=&#8221;%%47%%&#8221; _builder_version=&#8221;4.7.7&#8243; _module_preset=&#8221;default&#8221; custom_margin=&#8221;-1px||25px|||&#8221; custom_padding=&#8221;2px||0px|||&#8221; border_radii=&#8221;on|20px|20px|20px|20px&#8221; border_radii_image=&#8221;on|20px|20px|20px|20px&#8221;][\/et_pb_gallery][et_pb_divider divider_position=&#8221;center&#8221; divider_weight=&#8221;3px&#8221; _builder_version=&#8221;4.7.7&#8243; _module_preset=&#8221;default&#8221; width=&#8221;100%&#8221; module_alignment=&#8221;center&#8221; custom_margin=&#8221;0px|0px|-13px|0px|false|false&#8221; custom_padding=&#8221;0px|0px|8px|0px|false|false&#8221; border_radii=&#8221;on|8px|8px|8px|8px&#8221; saved_tabs=&#8221;all&#8221; global_module=&#8221;637&#8243;][\/et_pb_divider][et_pb_text _builder_version=&#8221;4.7.7&#8243; background_size=&#8221;initial&#8221; background_position=&#8221;top_left&#8221; background_repeat=&#8221;repeat&#8221; custom_margin=&#8221;-2px|||||&#8221; custom_padding=&#8221;15px|||||&#8221; hover_enabled=&#8221;0&#8243; sticky_enabled=&#8221;0&#8243;]<\/p>\n<p style=\"text-align: center;\"><strong><a href=\"\/index.php\/prestations\/wine-truck\/\">Un bar \u00e0 vins itin\u00e9rant<\/a> \u2022 <a href=\"\/index.php\/prestations\/connaissance-des-vins\/\">Transmettre la passion du vin<\/a> \u2022 Place \u00e0 la cr\u00e9ativit\u00e9<br \/> <\/strong><\/p>\n<p>[\/et_pb_text][\/et_pb_column][\/et_pb_row][\/et_pb_section]<\/p>\n","protected":false},"excerpt":{"rendered":"<p>[et_pb_section fb_built=&#8221;1&#8243; _builder_version=&#8221;4.7.7&#8243; background_color=&#8221;#ece9d8&#8243; custom_padding=&#8221;15px||33px|||&#8221;][et_pb_row _builder_version=&#8221;3.25&#8243; background_size=&#8221;initial&#8221; background_position=&#8221;top_left&#8221; background_repeat=&#8221;repeat&#8221;][et_pb_column type=&#8221;4_4&#8243; _builder_version=&#8221;3.25&#8243; custom_padding=&#8221;|||&#8221; custom_padding__hover=&#8221;|||&#8221;][et_pb_text _builder_version=&#8221;4.7.7&#8243; text_font=&#8221;|700||on|||||&#8221; text_text_color=&#8221;#8f004d&#8221; text_letter_spacing=&#8221;2px&#8221; background_size=&#8221;initial&#8221; background_position=&#8221;top_left&#8221; background_repeat=&#8221;repeat&#8221; custom_margin=&#8221;-2px||18px|||&#8221;] PRESTATIONS [\/et_pb_text][et_pb_text _builder_version=&#8221;4.7.7&#8243; background_size=&#8221;initial&#8221; background_position=&#8221;top_left&#8221; background_repeat=&#8221;repeat&#8221; custom_margin=&#8221;32px||0px|||&#8221;] Place \u00e0 la cr\u00e9ativit\u00e9 [\/et_pb_text][et_pb_divider divider_position=&#8221;center&#8221; divider_weight=&#8221;3px&#8221; _builder_version=&#8221;4.7.7&#8243; _module_preset=&#8221;default&#8221; width=&#8221;100%&#8221; module_alignment=&#8221;center&#8221; custom_margin=&#8221;0px|0px|-13px|0px|false|false&#8221; custom_padding=&#8221;0px|0px|8px|0px|false|false&#8221; border_radii=&#8221;on|8px|8px|8px|8px&#8221; global_module=&#8221;637&#8243; saved_tabs=&#8221;all&#8221;][\/et_pb_divider][\/et_pb_column][\/et_pb_row][et_pb_row _builder_version=&#8221;3.25&#8243; background_size=&#8221;initial&#8221; background_position=&#8221;top_left&#8221; background_repeat=&#8221;repeat&#8221; custom_padding=&#8221;1px|||||&#8221;][et_pb_column type=&#8221;4_4&#8243; _builder_version=&#8221;3.25&#8243; custom_padding=&#8221;|||&#8221; custom_padding__hover=&#8221;|||&#8221;][et_pb_text _builder_version=&#8221;4.7.7&#8243; background_size=&#8221;initial&#8221; [&hellip;]<\/p>\n","protected":false},"author":1,"featured_media":0,"parent":132,"menu_order":3,"comment_status":"closed","ping_status":"closed","template":"","meta":{"_et_pb_use_builder":"on","_et_pb_old_content":"&nbsp;\r\n\r\n[foogallery id=\"321\"]\r\n\r\n&nbsp;\r\n\r\n<strong>Que vous soyez une entreprise, une association, un restaurant ou un particulier,<\/strong> The Rolling Wines vous propose, \u00e0 domicile ou dans le lieu de votre choix*, une animation originale et conviviale. Ces prestations sont propos\u00e9es avec ou sans le wine-truck, avec possibilit\u00e9 de snacking.\r\n<ul>\r\n \t<li><strong>Ap\u00e9ritifs d\u00e9gustation<\/strong> avec animations ludiques (quiz ar\u00f4mes, d\u00e9gustation en verre noir, accords mets et vins\u2026)<\/li>\r\n \t<li><strong>Corner \u00ab vin \u00bb<\/strong> lors d\u2019un cocktail, d\u2019une soir\u00e9e\u2026<\/li>\r\n \t<li><strong>Animation \u0153nologique<\/strong> lors d\u2019un mariage, anniversaire, cr\u00e9maill\u00e8re\u2026<\/li>\r\n \t<li><strong>Animation d\u00e9gustation<\/strong> lors d\u2019une journ\u00e9e portes-ouvertes, r\u00e9ception des clients\/adh\u00e9rents\u2026<\/li>\r\n \t<li><strong>Pour un restaurateur,<\/strong> animation de la carte des vins, soir\u00e9e \u00ab Accords mets et vins \u00bb\u2026<\/li>\r\n<\/ul>\r\n* La d\u00e9tention d\u2019une Licence III permet \u00e0 Christophe Reboul d\u2019exercer son activit\u00e9 en conformit\u00e9 avec la r\u00e9glementation sur les vins et boissons alcoolis\u00e9es.","_et_gb_content_width":""},"_links":{"self":[{"href":"https:\/\/therollingwines.com\/index.php\/wp-json\/wp\/v2\/pages\/140"}],"collection":[{"href":"https:\/\/therollingwines.com\/index.php\/wp-json\/wp\/v2\/pages"}],"about":[{"href":"https:\/\/therollingwines.com\/index.php\/wp-json\/wp\/v2\/types\/page"}],"author":[{"embeddable":true,"href":"https:\/\/therollingwines.com\/index.php\/wp-json\/wp\/v2\/users\/1"}],"replies":[{"embeddable":true,"href":"https:\/\/therollingwines.com\/index.php\/wp-json\/wp\/v2\/comments?post=140"}],"version-history":[{"count":10,"href":"https:\/\/therollingwines.com\/index.php\/wp-json\/wp\/v2\/pages\/140\/revisions"}],"predecessor-version":[{"id":756,"href":"https:\/\/therollingwines.com\/index.php\/wp-json\/wp\/v2\/pages\/140\/revisions\/756"}],"up":[{"embeddable":true,"href":"https:\/\/therollingwines.com\/index.php\/wp-json\/wp\/v2\/pages\/132"}],"wp:attachment":[{"href":"https:\/\/therollingwines.com\/index.php\/wp-json\/wp\/v2\/media?parent=140"}],"curies":[{"name":"wp","href":"https:\/\/api.w.org\/{rel}","templated":true}]}}