{"id":176,"date":"2018-05-24T14:06:24","date_gmt":"2018-05-24T12:06:24","guid":{"rendered":"http:\/\/therollingwines.com\/?page_id=176"},"modified":"2021-02-08T17:54:57","modified_gmt":"2021-02-08T16:54:57","slug":"mentions-legales","status":"publish","type":"page","link":"https:\/\/therollingwines.com\/index.php\/mentions-legales\/","title":{"rendered":"Mentions L\u00e9gales"},"content":{"rendered":"<p>[et_pb_section fb_built=&#8221;1&#8243; _builder_version=&#8221;4.7.7&#8243; background_color=&#8221;#ece9d8&#8243; custom_padding=&#8221;15px||33px|||&#8221;][et_pb_row _builder_version=&#8221;3.25&#8243; background_size=&#8221;initial&#8221; background_position=&#8221;top_left&#8221; background_repeat=&#8221;repeat&#8221;][et_pb_column type=&#8221;4_4&#8243; _builder_version=&#8221;3.25&#8243; custom_padding=&#8221;|||&#8221; custom_padding__hover=&#8221;|||&#8221;][et_pb_text _builder_version=&#8221;4.7.7&#8243; background_size=&#8221;initial&#8221; background_position=&#8221;top_left&#8221; background_repeat=&#8221;repeat&#8221; custom_margin=&#8221;3px||0px|||&#8221;]<\/p>\n<h1 style=\"text-align: center;\"><strong>Mentions L\u00e9gales<\/strong><\/h1>\n<p>[\/et_pb_text][et_pb_divider divider_position=&#8221;center&#8221; divider_weight=&#8221;3px&#8221; _builder_version=&#8221;4.7.7&#8243; _module_preset=&#8221;default&#8221; width=&#8221;100%&#8221; module_alignment=&#8221;center&#8221; custom_margin=&#8221;0px|0px|-13px|0px|false|false&#8221; custom_padding=&#8221;0px|0px|8px|0px|false|false&#8221; border_radii=&#8221;on|8px|8px|8px|8px&#8221; global_module=&#8221;637&#8243; saved_tabs=&#8221;all&#8221;][\/et_pb_divider][\/et_pb_column][\/et_pb_row][et_pb_row _builder_version=&#8221;3.25&#8243; background_size=&#8221;initial&#8221; background_position=&#8221;top_left&#8221; background_repeat=&#8221;repeat&#8221; custom_padding=&#8221;1px||11px|||&#8221;][et_pb_column type=&#8221;4_4&#8243; _builder_version=&#8221;3.25&#8243; custom_padding=&#8221;|||&#8221; custom_padding__hover=&#8221;|||&#8221;][et_pb_text _builder_version=&#8221;4.7.7&#8243; background_size=&#8221;initial&#8221; background_position=&#8221;top_left&#8221; background_repeat=&#8221;repeat&#8221; custom_margin=&#8221;-13px|||||&#8221; hover_enabled=&#8221;0&#8243; sticky_enabled=&#8221;0&#8243;]<\/p>\n<p><strong>Ce site est \u00e9dit\u00e9 par :<\/strong><br \/> The Rolling Wines \u2013 SAS au capital de 3000 \u20ac<br \/> Immeuble Axium<br \/> 5 impasse de Grand Angle<br \/> 30133 Les Angles<br \/> Email : <a href=\"mailto:chris@therollingwines.com\">chris@therollingwines.com<\/a> \u2022 T\u00e9l. 06 17 81 48 14<br \/> Inscrit au Registre du Commerce et des Soci\u00e9t\u00e9s de N\u00eemes sous le n\u00b0833 655 582.<\/p>\n<p><strong>Directeur de la publication<\/strong> : Christophe Reboul<\/p>\n<p><strong>Ce site est h\u00e9berg\u00e9 par<\/strong> :<br \/> OVH &#8211; SAS au capital de 10 174 560 \u20ac<br \/> 2 rue Kellermann<br \/> BP 80 157<br \/> 59053 Roubaix cedex 1.<\/p>\n<p><strong><\/strong><\/p>\n<p><strong>Conditions d&#8217;utilisation du site Internet www.therollingwines.com<\/strong><br \/> Le site et chacun des \u00e9l\u00e9ments, y compris mais sans limitation les marques, les logos, ic\u00f4nes, infographies, photographies, qui le composent sont prot\u00e9g\u00e9s au titre de la l\u00e9gislation internationale de la propri\u00e9t\u00e9 intellectuelle. Les contenus figurant sur le site sont la propri\u00e9t\u00e9 de The Rolling Wines ou d\u2019autres entreprises. Toute utilisation, reproduction ou repr\u00e9sentation, par quelque proc\u00e9d\u00e9 que ce soit, et sur quelque support que ce soit, de tout ou partie du site et\/ou des \u00e9l\u00e9ments qui le composent n&#8217;est pas autoris\u00e9e sans le consentement express de The Rolling Wines.<\/p>\n<p><strong><\/strong><\/p>\n<p><strong>Donn\u00e9es personnelles<\/strong><br \/> Vous pouvez visiter le site sur Internet sans avoir \u00e0 d\u00e9cliner votre identit\u00e9 et \u00e0 fournir des informations personnelles vous concernant.<\/p>\n<p>[\/et_pb_text][\/et_pb_column][\/et_pb_row][\/et_pb_section]<\/p>\n","protected":false},"excerpt":{"rendered":"<p>[et_pb_section fb_built=&#8221;1&#8243; _builder_version=&#8221;4.7.7&#8243; background_color=&#8221;#ece9d8&#8243; custom_padding=&#8221;15px||33px|||&#8221;][et_pb_row _builder_version=&#8221;3.25&#8243; background_size=&#8221;initial&#8221; background_position=&#8221;top_left&#8221; background_repeat=&#8221;repeat&#8221;][et_pb_column type=&#8221;4_4&#8243; _builder_version=&#8221;3.25&#8243; custom_padding=&#8221;|||&#8221; custom_padding__hover=&#8221;|||&#8221;][et_pb_text _builder_version=&#8221;4.7.7&#8243; background_size=&#8221;initial&#8221; background_position=&#8221;top_left&#8221; background_repeat=&#8221;repeat&#8221; custom_margin=&#8221;3px||0px|||&#8221;] Mentions L\u00e9gales [\/et_pb_text][et_pb_divider divider_position=&#8221;center&#8221; divider_weight=&#8221;3px&#8221; _builder_version=&#8221;4.7.7&#8243; _module_preset=&#8221;default&#8221; width=&#8221;100%&#8221; module_alignment=&#8221;center&#8221; custom_margin=&#8221;0px|0px|-13px|0px|false|false&#8221; custom_padding=&#8221;0px|0px|8px|0px|false|false&#8221; border_radii=&#8221;on|8px|8px|8px|8px&#8221; global_module=&#8221;637&#8243; saved_tabs=&#8221;all&#8221;][\/et_pb_divider][\/et_pb_column][\/et_pb_row][et_pb_row _builder_version=&#8221;3.25&#8243; background_size=&#8221;initial&#8221; background_position=&#8221;top_left&#8221; background_repeat=&#8221;repeat&#8221; custom_padding=&#8221;1px||11px|||&#8221;][et_pb_column type=&#8221;4_4&#8243; _builder_version=&#8221;3.25&#8243; custom_padding=&#8221;|||&#8221; custom_padding__hover=&#8221;|||&#8221;][et_pb_text _builder_version=&#8221;4.7.7&#8243; background_size=&#8221;initial&#8221; background_position=&#8221;top_left&#8221; background_repeat=&#8221;repeat&#8221; custom_margin=&#8221;-13px|||||&#8221; hover_enabled=&#8221;0&#8243; sticky_enabled=&#8221;0&#8243;] Ce site est \u00e9dit\u00e9 par : The [&hellip;]<\/p>\n","protected":false},"author":1,"featured_media":0,"parent":0,"menu_order":0,"comment_status":"closed","ping_status":"closed","template":"","meta":{"_et_pb_use_builder":"on","_et_pb_old_content":"Ce site est \u00e9dit\u00e9 par :\r\nThe Rolling Wines \u2013 SAS au capital de 3000 \u20ac\r\nImmeuble Axium\r\n5 impasse de Grand Angle\r\n30133 Les Angles\r\nEmail : chris@therollingwines.com T\u00e9l. 06 17 81 48 14\r\nInscrit au Registre du Commerce et des Soci\u00e9t\u00e9s de N\u00eemes sous le n\u00b0833 655 582.\r\nDirecteur de la publication : Christophe Reboul\r\nCe site est h\u00e9berg\u00e9 par :\r\nOVH - SAS au capital de 10 174 560 \u20ac\r\n2 rue Kellermann\r\nBP 80 157\r\n59053 Roubaix cedex 1.\r\n<strong>Conditions d'utilisation du site Internet www.therollingwines.com<\/strong>\r\nLe site et chacun des \u00e9l\u00e9ments, y compris mais sans limitation les marques, les logos, ic\u00f4nes, infographies, photographies, qui le composent sont prot\u00e9g\u00e9s au titre de la l\u00e9gislation internationale de la propri\u00e9t\u00e9 intellectuelle. Les contenus figurant sur le site sont la propri\u00e9t\u00e9 de The Rolling Wines ou d\u2019autres entreprises. Toute utilisation, reproduction ou repr\u00e9sentation, par quelque proc\u00e9d\u00e9 que ce soit, et sur quelque support que ce soit, de tout ou partie du site et\/ou des \u00e9l\u00e9ments qui le composent n'est pas autoris\u00e9e sans le consentement express de The Rolling Wines.\r\n<strong>Donn\u00e9es personnelles<\/strong>\r\nVous pouvez visiter le site sur Internet sans avoir \u00e0 d\u00e9cliner votre identit\u00e9 et \u00e0 fournir des informations personnelles vous concernant.","_et_gb_content_width":""},"_links":{"self":[{"href":"https:\/\/therollingwines.com\/index.php\/wp-json\/wp\/v2\/pages\/176"}],"collection":[{"href":"https:\/\/therollingwines.com\/index.php\/wp-json\/wp\/v2\/pages"}],"about":[{"href":"https:\/\/therollingwines.com\/index.php\/wp-json\/wp\/v2\/types\/page"}],"author":[{"embeddable":true,"href":"https:\/\/therollingwines.com\/index.php\/wp-json\/wp\/v2\/users\/1"}],"replies":[{"embeddable":true,"href":"https:\/\/therollingwines.com\/index.php\/wp-json\/wp\/v2\/comments?post=176"}],"version-history":[{"count":10,"href":"https:\/\/therollingwines.com\/index.php\/wp-json\/wp\/v2\/pages\/176\/revisions"}],"predecessor-version":[{"id":764,"href":"https:\/\/therollingwines.com\/index.php\/wp-json\/wp\/v2\/pages\/176\/revisions\/764"}],"wp:attachment":[{"href":"https:\/\/therollingwines.com\/index.php\/wp-json\/wp\/v2\/media?parent=176"}],"curies":[{"name":"wp","href":"https:\/\/api.w.org\/{rel}","templated":true}]}}