{"id":208,"date":"2018-10-26T14:14:04","date_gmt":"2018-10-26T12:14:04","guid":{"rendered":"http:\/\/therollingwines.com\/?page_id=208"},"modified":"2021-02-08T17:07:39","modified_gmt":"2021-02-08T16:07:39","slug":"un-oenologue-passionne","status":"publish","type":"page","link":"https:\/\/therollingwines.com\/index.php\/histoire\/un-oenologue-passionne\/","title":{"rendered":"Un \u0152nologue Passionn\u00e9"},"content":{"rendered":"<p>[et_pb_section fb_built=&#8221;1&#8243; _builder_version=&#8221;4.7.7&#8243; background_color=&#8221;#ece9d8&#8243; custom_padding=&#8221;15px||33px|||&#8221;][et_pb_row _builder_version=&#8221;3.25&#8243; background_size=&#8221;initial&#8221; background_position=&#8221;top_left&#8221; background_repeat=&#8221;repeat&#8221;][et_pb_column type=&#8221;4_4&#8243; _builder_version=&#8221;3.25&#8243; custom_padding=&#8221;|||&#8221; custom_padding__hover=&#8221;|||&#8221;][et_pb_text _builder_version=&#8221;4.7.7&#8243; text_font=&#8221;|700||on|||||&#8221; text_text_color=&#8221;#8f004d&#8221; text_letter_spacing=&#8221;2px&#8221; background_size=&#8221;initial&#8221; background_position=&#8221;top_left&#8221; background_repeat=&#8221;repeat&#8221; custom_margin=&#8221;-2px||34px|||&#8221;]<\/p>\n<p style=\"text-align: center;\">HISTOIRE<\/p>\n<p>[\/et_pb_text][et_pb_text _builder_version=&#8221;4.7.7&#8243; background_size=&#8221;initial&#8221; background_position=&#8221;top_left&#8221; background_repeat=&#8221;repeat&#8221; custom_margin=&#8221;||-2px|||&#8221;]<\/p>\n<h1 style=\"text-align: center;\"><strong><\/strong><strong>Un \u0152nologue Passionn\u00e9<\/strong><\/h1>\n<p>[\/et_pb_text][et_pb_divider divider_position=&#8221;center&#8221; divider_weight=&#8221;3px&#8221; _builder_version=&#8221;4.7.7&#8243; _module_preset=&#8221;default&#8221; width=&#8221;100%&#8221; module_alignment=&#8221;center&#8221; custom_margin=&#8221;0px|0px|-13px|0px|false|false&#8221; custom_padding=&#8221;0px|0px|8px|0px|false|false&#8221; hover_enabled=&#8221;0&#8243; border_radii=&#8221;on|8px|8px|8px|8px&#8221; global_module=&#8221;637&#8243; saved_tabs=&#8221;all&#8221; sticky_enabled=&#8221;0&#8243;][\/et_pb_divider][\/et_pb_column][\/et_pb_row][et_pb_row column_structure=&#8221;1_3,2_3&#8243; _builder_version=&#8221;4.7.7&#8243; background_size=&#8221;initial&#8221; background_position=&#8221;top_left&#8221; background_repeat=&#8221;repeat&#8221; custom_margin=&#8221;-17px|auto||auto||&#8221; custom_padding=&#8221;||5px|||&#8221;][et_pb_column type=&#8221;1_3&#8243; _builder_version=&#8221;3.25&#8243; custom_padding=&#8221;|||&#8221; custom_padding__hover=&#8221;|||&#8221;][et_pb_image src=&#8221;http:\/\/therollingwines.com\/wp-content\/uploads\/2018\/05\/Christophe.jpg&#8221; show_in_lightbox=&#8221;on&#8221; use_overlay=&#8221;on&#8221; _builder_version=&#8221;4.7.7&#8243; _module_preset=&#8221;default&#8221; border_radii=&#8221;on|20px|20px|20px|20px&#8221;][\/et_pb_image][et_pb_text _builder_version=&#8221;4.7.7&#8243; _module_preset=&#8221;default&#8221; text_font=&#8221;|700|||||||&#8221; text_font_size=&#8221;12px&#8221; text_orientation=&#8221;center&#8221; custom_margin=&#8221;-3px|||||&#8221;]<\/p>\n<p>Christophe Reboul est dipl\u00f4m\u00e9 en oenologie<\/p>\n<p>[\/et_pb_text][\/et_pb_column][et_pb_column type=&#8221;2_3&#8243; _builder_version=&#8221;3.25&#8243; custom_padding=&#8221;|||&#8221; custom_padding__hover=&#8221;|||&#8221;][et_pb_text _builder_version=&#8221;4.7.7&#8243; background_size=&#8221;initial&#8221; background_position=&#8221;top_left&#8221; background_repeat=&#8221;repeat&#8221; custom_margin=&#8221;-2px|||||&#8221;]<\/p>\n<p style=\"text-align: center;\"><strong>Aborder le vin sous une forme ludique et cr\u00e9ative<\/strong> n\u2019emp\u00eache pas la rigueur et le professionnalisme.<\/p>\n<p style=\"text-align: center;\"><strong>Titulaire du Dipl\u00f4me national d\u2019\u0153nologue<\/strong>, obtenu \u00e0 la Facult\u00e9 d\u2019\u0153nologie de Montpellier, Christophe Reboul a d\u00e9but\u00e9 son activit\u00e9 par un s\u00e9jour en Australie o\u00f9 il a vinifi\u00e9 pour la soci\u00e9t\u00e9 Houghton Wines, dans la Swan Valley.<\/p>\n<p style=\"text-align: center;\"><strong>Il a ensuite rejoint l\u2019univers des constructeurs<\/strong> de mat\u00e9riels de vinification. Son activit\u00e9 s\u2019est d\u00e9velopp\u00e9e sur la Vall\u00e9e du Rh\u00f4ne mais aussi dans d\u2019autres r\u00e9gions viticoles fran\u00e7aises ainsi qu\u2019\u00e0 l\u2019\u00e9tranger.\u00a0 Ce qui lui a permis de voyager un peu partout dans les vignobles du monde : Afrique du Sud, Chili\/Argentine, Pays de l&#8217;Est\u2026<\/p>\n<p style=\"text-align: center;\"><strong>Passionn\u00e9 depuis toujours par la musique<\/strong> et joueur amateur de guitare, il a d\u00e9cid\u00e9 de cr\u00e9er The Rolling Wines en 2017 pour allier ses centres d\u2019int\u00e9r\u00eat : le vin et la musique.<\/p>\n<p style=\"text-align: center;\"><strong>Il fait \u00e9galement parti des \u00ab Ambassadeurs du Rh\u00f4ne \u00bb<\/strong> s\u00e9lectionn\u00e9s par l\u2019Interprofession des vins de la Vall\u00e9e du Rh\u00f4ne, Inter Rh\u00f4ne, pour dispenser des formations aux \u00e9l\u00e8ves des \u00e9coles h\u00f4teli\u00e8res de France.<\/p>\n<p>[\/et_pb_text][et_pb_divider divider_position=&#8221;center&#8221; divider_weight=&#8221;3px&#8221; _builder_version=&#8221;4.7.7&#8243; _module_preset=&#8221;default&#8221; width=&#8221;100%&#8221; module_alignment=&#8221;center&#8221; custom_margin=&#8221;0px|0px|-13px|0px|false|false&#8221; custom_padding=&#8221;0px|0px|8px|0px|false|false&#8221; hover_enabled=&#8221;0&#8243; border_radii=&#8221;on|8px|8px|8px|8px&#8221; global_module=&#8221;637&#8243; saved_tabs=&#8221;all&#8221; sticky_enabled=&#8221;0&#8243;][\/et_pb_divider][et_pb_text _builder_version=&#8221;4.7.7&#8243; background_size=&#8221;initial&#8221; background_position=&#8221;top_left&#8221; background_repeat=&#8221;repeat&#8221; custom_margin=&#8221;-2px|||||&#8221; hover_enabled=&#8221;0&#8243; sticky_enabled=&#8221;0&#8243; custom_padding=&#8221;15px|||||&#8221;]<\/p>\n<p style=\"text-align: center;\"><strong>Un \u0152nologue Passionn\u00e9 \u2022 <a href=\"\/index.php\/histoire\/lestafette-the-rolling-wines\/\">L\u2019Estafette The Rolling Wines<\/a><br \/> <\/strong><\/p>\n<p>[\/et_pb_text][\/et_pb_column][\/et_pb_row][\/et_pb_section]<\/p>\n","protected":false},"excerpt":{"rendered":"<p>[et_pb_section fb_built=&#8221;1&#8243; _builder_version=&#8221;4.7.7&#8243; background_color=&#8221;#ece9d8&#8243; custom_padding=&#8221;15px||33px|||&#8221;][et_pb_row _builder_version=&#8221;3.25&#8243; background_size=&#8221;initial&#8221; background_position=&#8221;top_left&#8221; background_repeat=&#8221;repeat&#8221;][et_pb_column type=&#8221;4_4&#8243; _builder_version=&#8221;3.25&#8243; custom_padding=&#8221;|||&#8221; custom_padding__hover=&#8221;|||&#8221;][et_pb_text _builder_version=&#8221;4.7.7&#8243; text_font=&#8221;|700||on|||||&#8221; text_text_color=&#8221;#8f004d&#8221; text_letter_spacing=&#8221;2px&#8221; background_size=&#8221;initial&#8221; background_position=&#8221;top_left&#8221; background_repeat=&#8221;repeat&#8221; custom_margin=&#8221;-2px||34px|||&#8221;] HISTOIRE [\/et_pb_text][et_pb_text _builder_version=&#8221;4.7.7&#8243; background_size=&#8221;initial&#8221; background_position=&#8221;top_left&#8221; background_repeat=&#8221;repeat&#8221; custom_margin=&#8221;||-2px|||&#8221;] Un \u0152nologue Passionn\u00e9 [\/et_pb_text][et_pb_divider divider_position=&#8221;center&#8221; divider_weight=&#8221;3px&#8221; _builder_version=&#8221;4.7.7&#8243; _module_preset=&#8221;default&#8221; width=&#8221;100%&#8221; module_alignment=&#8221;center&#8221; custom_margin=&#8221;0px|0px|-13px|0px|false|false&#8221; custom_padding=&#8221;0px|0px|8px|0px|false|false&#8221; hover_enabled=&#8221;0&#8243; border_radii=&#8221;on|8px|8px|8px|8px&#8221; global_module=&#8221;637&#8243; saved_tabs=&#8221;all&#8221; sticky_enabled=&#8221;0&#8243;][\/et_pb_divider][\/et_pb_column][\/et_pb_row][et_pb_row column_structure=&#8221;1_3,2_3&#8243; _builder_version=&#8221;4.7.7&#8243; background_size=&#8221;initial&#8221; background_position=&#8221;top_left&#8221; background_repeat=&#8221;repeat&#8221; custom_margin=&#8221;-17px|auto||auto||&#8221; custom_padding=&#8221;||5px|||&#8221;][et_pb_column type=&#8221;1_3&#8243; _builder_version=&#8221;3.25&#8243; custom_padding=&#8221;|||&#8221; [&hellip;]<\/p>\n","protected":false},"author":1,"featured_media":0,"parent":130,"menu_order":0,"comment_status":"closed","ping_status":"closed","template":"","meta":{"_et_pb_use_builder":"on","_et_pb_old_content":"[caption id=\"attachment_221\" align=\"alignleft\" width=\"225\"]<img class=\"wp-image-221 size-medium\" src=\"http:\/\/therollingwines.com\/wp-content\/uploads\/2018\/05\/Christophe-225x300.jpg\" alt=\"\" width=\"225\" height=\"300\" \/> Christophe Reboul est dipl\u00f4m\u00e9 en oenologie[\/caption]\r\n\r\n<strong>Aborder le vin sous une forme ludique et cr\u00e9ative<\/strong> n\u2019emp\u00eache pas la rigueur et le professionnalisme.\r\n\r\n<strong>Titulaire du Dipl\u00f4me national d\u2019\u0153nologue<\/strong>, obtenu \u00e0 la Facult\u00e9 d\u2019\u0153nologie de Montpellier, Christophe Reboul a d\u00e9but\u00e9 son activit\u00e9 par un s\u00e9jour en Australie o\u00f9 il a vinifi\u00e9 pour la soci\u00e9t\u00e9 Houghton Wines, dans la Swan Valley.\r\n\r\n<strong>Il a ensuite rejoint l\u2019univers des constructeurs<\/strong> de mat\u00e9riels de vinification. Son activit\u00e9 s\u2019est d\u00e9velopp\u00e9e sur la Vall\u00e9e du Rh\u00f4ne mais aussi dans d\u2019autres r\u00e9gions viticoles fran\u00e7aises ainsi qu\u2019\u00e0 l\u2019\u00e9tranger.\u00a0 Ce qui lui a permis de voyager un peu partout dans les vignobles du monde : Afrique du Sud, Chili\/Argentine, Pays de l'Est\u2026\r\n\r\n<strong>Passionn\u00e9 depuis toujours par la musique<\/strong> et joueur amateur de guitare, il a d\u00e9cid\u00e9 de cr\u00e9er The Rolling Wines en 2017 pour allier ses centres d\u2019int\u00e9r\u00eat : le vin et la musique.\r\n\r\n<strong>Il fait \u00e9galement parti des \u00ab Ambassadeurs du Rh\u00f4ne \u00bb<\/strong> s\u00e9lectionn\u00e9s par l\u2019Interprofession des vins de la Vall\u00e9e du Rh\u00f4ne, Inter Rh\u00f4ne, pour dispenser des formations aux \u00e9l\u00e8ves des \u00e9coles h\u00f4teli\u00e8res de France.","_et_gb_content_width":""},"_links":{"self":[{"href":"https:\/\/therollingwines.com\/index.php\/wp-json\/wp\/v2\/pages\/208"}],"collection":[{"href":"https:\/\/therollingwines.com\/index.php\/wp-json\/wp\/v2\/pages"}],"about":[{"href":"https:\/\/therollingwines.com\/index.php\/wp-json\/wp\/v2\/types\/page"}],"author":[{"embeddable":true,"href":"https:\/\/therollingwines.com\/index.php\/wp-json\/wp\/v2\/users\/1"}],"replies":[{"embeddable":true,"href":"https:\/\/therollingwines.com\/index.php\/wp-json\/wp\/v2\/comments?post=208"}],"version-history":[{"count":21,"href":"https:\/\/therollingwines.com\/index.php\/wp-json\/wp\/v2\/pages\/208\/revisions"}],"predecessor-version":[{"id":742,"href":"https:\/\/therollingwines.com\/index.php\/wp-json\/wp\/v2\/pages\/208\/revisions\/742"}],"up":[{"embeddable":true,"href":"https:\/\/therollingwines.com\/index.php\/wp-json\/wp\/v2\/pages\/130"}],"wp:attachment":[{"href":"https:\/\/therollingwines.com\/index.php\/wp-json\/wp\/v2\/media?parent=208"}],"curies":[{"name":"wp","href":"https:\/\/api.w.org\/{rel}","templated":true}]}}