{"id":213,"date":"2018-10-26T14:24:26","date_gmt":"2018-10-26T12:24:26","guid":{"rendered":"http:\/\/therollingwines.com\/?page_id=213"},"modified":"2021-02-08T17:07:58","modified_gmt":"2021-02-08T16:07:58","slug":"lestafette-the-rolling-wines","status":"publish","type":"page","link":"https:\/\/therollingwines.com\/index.php\/histoire\/lestafette-the-rolling-wines\/","title":{"rendered":"L&#8217;Estafette The Rolling Wines"},"content":{"rendered":"<p>[et_pb_section fb_built=&#8221;1&#8243; _builder_version=&#8221;4.7.7&#8243; background_color=&#8221;#ece9d8&#8243; custom_padding=&#8221;15px||33px|||&#8221;][et_pb_row _builder_version=&#8221;3.25&#8243; background_size=&#8221;initial&#8221; background_position=&#8221;top_left&#8221; background_repeat=&#8221;repeat&#8221;][et_pb_column type=&#8221;4_4&#8243; _builder_version=&#8221;3.25&#8243; custom_padding=&#8221;|||&#8221; custom_padding__hover=&#8221;|||&#8221;][et_pb_text _builder_version=&#8221;4.7.7&#8243; text_font=&#8221;|700||on|||||&#8221; text_text_color=&#8221;#8f004d&#8221; text_letter_spacing=&#8221;2px&#8221; background_size=&#8221;initial&#8221; background_position=&#8221;top_left&#8221; background_repeat=&#8221;repeat&#8221; custom_margin=&#8221;-2px||18px|||&#8221;]<\/p>\n<p style=\"text-align: center;\">HISTOIRE<\/p>\n<p>[\/et_pb_text][et_pb_text _builder_version=&#8221;4.7.7&#8243; background_size=&#8221;initial&#8221; background_position=&#8221;top_left&#8221; background_repeat=&#8221;repeat&#8221; min_height=&#8221;34px&#8221; custom_margin=&#8221;32px||2px|||&#8221;]<\/p>\n<h1 style=\"text-align: center;\"><strong>L\u2019Estafette The Rolling Wines<\/strong><\/h1>\n<p>[\/et_pb_text][et_pb_divider divider_position=&#8221;center&#8221; divider_weight=&#8221;3px&#8221; _builder_version=&#8221;4.7.7&#8243; _module_preset=&#8221;default&#8221; width=&#8221;100%&#8221; module_alignment=&#8221;center&#8221; custom_margin=&#8221;0px|0px|-13px|0px|false|false&#8221; custom_padding=&#8221;0px|0px|8px|0px|false|false&#8221; hover_enabled=&#8221;0&#8243; border_radii=&#8221;on|8px|8px|8px|8px&#8221; global_module=&#8221;637&#8243; saved_tabs=&#8221;all&#8221; sticky_enabled=&#8221;0&#8243;][\/et_pb_divider][\/et_pb_column][\/et_pb_row][et_pb_row _builder_version=&#8221;3.25&#8243; background_size=&#8221;initial&#8221; background_position=&#8221;top_left&#8221; background_repeat=&#8221;repeat&#8221; custom_padding=&#8221;1px|||||&#8221;][et_pb_column type=&#8221;4_4&#8243; _builder_version=&#8221;3.25&#8243; custom_padding=&#8221;|||&#8221; custom_padding__hover=&#8221;|||&#8221;][et_pb_gallery gallery_ids=&#8221;233,235,234,485&#8243; show_title_and_caption=&#8221;off&#8221; show_pagination=&#8221;off&#8221; hover_icon=&#8221;%%47%%&#8221; _builder_version=&#8221;4.7.7&#8243; _module_preset=&#8221;default&#8221; custom_margin=&#8221;-1px||7px|||&#8221; custom_padding=&#8221;2px||0px|||&#8221; border_radii=&#8221;on|20px|20px|20px|20px&#8221; border_radii_image=&#8221;on|20px|20px|20px|20px&#8221;][\/et_pb_gallery][et_pb_text _builder_version=&#8221;4.7.7&#8243; background_size=&#8221;initial&#8221; background_position=&#8221;top_left&#8221; background_repeat=&#8221;repeat&#8221; custom_margin=&#8221;||14px|||&#8221;]<\/p>\n<p style=\"text-align: center;\"><strong>Premi\u00e8re traction lanc\u00e9e par la firme,<\/strong> l\u2019Estafette Renault fut produit \u00e0 533 209 exemplaires de 1959 \u00e0 1980. Celle de Rolling Wines date de 1975, elle est \u00e9quip\u00e9e d\u2019un moteur Cl\u00e9on-Fonte 1 289 cm3 d&#8217;origine Renault 12.<br \/> C\u2019est tout d\u2019abord le camion des pompiers d\u2019un petit village des Alpes proven\u00e7ales.<\/p>\n<p style=\"text-align: center;\"> <strong>Elle est ensuite achet\u00e9e par un collectionneur<\/strong> amoureux des vieilles voitures qui en fait un v\u00e9hicule d\u2019assistance \u00ab Renault Alpine \u00bb lors de rallyes et courses de voitures anciennes.<\/p>\n<p style=\"text-align: center;\"> <strong>Acquise fin 2017 pour devenir le wine-truck<\/strong> de la soci\u00e9t\u00e9 The Rolling Wines, elle est transform\u00e9e et am\u00e9nag\u00e9e avec des r\u00e9frig\u00e9rateurs, cave \u00e0 vins, lave-verre, mini-cong\u00e9lateur\u2026 pour offrir aux amateurs des conditions de d\u00e9gustation optimales.<\/p>\n<p>[\/et_pb_text][et_pb_divider divider_position=&#8221;center&#8221; divider_weight=&#8221;3px&#8221; _builder_version=&#8221;4.7.7&#8243; _module_preset=&#8221;default&#8221; width=&#8221;100%&#8221; module_alignment=&#8221;center&#8221; custom_margin=&#8221;0px|0px|-13px|0px|false|false&#8221; custom_padding=&#8221;0px|0px|8px|0px|false|false&#8221; hover_enabled=&#8221;0&#8243; border_radii=&#8221;on|8px|8px|8px|8px&#8221; global_module=&#8221;637&#8243; saved_tabs=&#8221;all&#8221; sticky_enabled=&#8221;0&#8243;][\/et_pb_divider][et_pb_text _builder_version=&#8221;4.7.7&#8243; background_size=&#8221;initial&#8221; background_position=&#8221;top_left&#8221; background_repeat=&#8221;repeat&#8221; custom_margin=&#8221;-2px||34px|||&#8221; custom_padding=&#8221;15px|||||&#8221; hover_enabled=&#8221;0&#8243; sticky_enabled=&#8221;0&#8243;]<\/p>\n<p style=\"text-align: center;\"><strong><a href=\"\/index.php\/histoire\/un-oenologue-passionne\/\">Un \u0152nologue Passionn\u00e9<\/a> \u2022 L\u2019Estafette The Rolling Wines<a href=\"\/index.php\/histoire\/lestafette-the-rolling-wines\/\"><\/a><br \/> <\/strong><\/p>\n<p>[\/et_pb_text][et_pb_image src=&#8221;http:\/\/therollingwines.com\/wp-content\/uploads\/2018\/05\/Truck-Vue-interieur-verres-Marshall.jpg&#8221; title_text=&#8221;Truck-Vue-interieur-verres-Marshall&#8221; _builder_version=&#8221;4.7.7&#8243; _module_preset=&#8221;default&#8221; width=&#8221;29%&#8221; module_alignment=&#8221;center&#8221; border_radii=&#8221;on|20px|20px|20px|20px&#8221;][\/et_pb_image][\/et_pb_column][\/et_pb_row][\/et_pb_section]<\/p>\n","protected":false},"excerpt":{"rendered":"<p>[et_pb_section fb_built=&#8221;1&#8243; _builder_version=&#8221;4.7.7&#8243; background_color=&#8221;#ece9d8&#8243; custom_padding=&#8221;15px||33px|||&#8221;][et_pb_row _builder_version=&#8221;3.25&#8243; background_size=&#8221;initial&#8221; background_position=&#8221;top_left&#8221; background_repeat=&#8221;repeat&#8221;][et_pb_column type=&#8221;4_4&#8243; _builder_version=&#8221;3.25&#8243; custom_padding=&#8221;|||&#8221; custom_padding__hover=&#8221;|||&#8221;][et_pb_text _builder_version=&#8221;4.7.7&#8243; text_font=&#8221;|700||on|||||&#8221; text_text_color=&#8221;#8f004d&#8221; text_letter_spacing=&#8221;2px&#8221; background_size=&#8221;initial&#8221; background_position=&#8221;top_left&#8221; background_repeat=&#8221;repeat&#8221; custom_margin=&#8221;-2px||18px|||&#8221;] HISTOIRE [\/et_pb_text][et_pb_text _builder_version=&#8221;4.7.7&#8243; background_size=&#8221;initial&#8221; background_position=&#8221;top_left&#8221; background_repeat=&#8221;repeat&#8221; min_height=&#8221;34px&#8221; custom_margin=&#8221;32px||2px|||&#8221;] L\u2019Estafette The Rolling Wines [\/et_pb_text][et_pb_divider divider_position=&#8221;center&#8221; divider_weight=&#8221;3px&#8221; _builder_version=&#8221;4.7.7&#8243; _module_preset=&#8221;default&#8221; width=&#8221;100%&#8221; module_alignment=&#8221;center&#8221; custom_margin=&#8221;0px|0px|-13px|0px|false|false&#8221; custom_padding=&#8221;0px|0px|8px|0px|false|false&#8221; hover_enabled=&#8221;0&#8243; border_radii=&#8221;on|8px|8px|8px|8px&#8221; global_module=&#8221;637&#8243; saved_tabs=&#8221;all&#8221; sticky_enabled=&#8221;0&#8243;][\/et_pb_divider][\/et_pb_column][\/et_pb_row][et_pb_row _builder_version=&#8221;3.25&#8243; background_size=&#8221;initial&#8221; background_position=&#8221;top_left&#8221; background_repeat=&#8221;repeat&#8221; custom_padding=&#8221;1px|||||&#8221;][et_pb_column type=&#8221;4_4&#8243; _builder_version=&#8221;3.25&#8243; custom_padding=&#8221;|||&#8221; [&hellip;]<\/p>\n","protected":false},"author":1,"featured_media":0,"parent":130,"menu_order":1,"comment_status":"closed","ping_status":"closed","template":"","meta":{"_et_pb_use_builder":"on","_et_pb_old_content":"[foogallery id=\"300\"]\r\n\r\n&nbsp;\r\n\r\n<strong>Premi\u00e8re traction lanc\u00e9e par la firme,<\/strong> l\u2019Estafette Renault fut produit \u00e0 533 209 exemplaires de 1959 \u00e0 1980. Celle de Rolling Wines date de 1975, elle est \u00e9quip\u00e9e d\u2019un moteur Cl\u00e9on-Fonte 1 289 cm3 d'origine Renault 12.\r\nC\u2019est tout d\u2019abord le camion des pompiers d\u2019un petit village des Alpes proven\u00e7ales.\r\n<strong>Elle est ensuite achet\u00e9e par un collectionneur<\/strong> amoureux des vieilles voitures qui en fait un v\u00e9hicule d\u2019assistance \u00ab Renault Alpine \u00bb lors de rallyes et courses de voitures anciennes.\r\n<strong>Acquise fin 2017 pour devenir le wine-truck<\/strong> de la soci\u00e9t\u00e9 The Rolling Wines, elle est transform\u00e9e et am\u00e9nag\u00e9e avec des r\u00e9frig\u00e9rateurs, cave \u00e0 vins, lave-verre, mini-cong\u00e9lateur\u2026 pour offrir aux amateurs des conditions de d\u00e9gustation optimales.","_et_gb_content_width":""},"_links":{"self":[{"href":"https:\/\/therollingwines.com\/index.php\/wp-json\/wp\/v2\/pages\/213"}],"collection":[{"href":"https:\/\/therollingwines.com\/index.php\/wp-json\/wp\/v2\/pages"}],"about":[{"href":"https:\/\/therollingwines.com\/index.php\/wp-json\/wp\/v2\/types\/page"}],"author":[{"embeddable":true,"href":"https:\/\/therollingwines.com\/index.php\/wp-json\/wp\/v2\/users\/1"}],"replies":[{"embeddable":true,"href":"https:\/\/therollingwines.com\/index.php\/wp-json\/wp\/v2\/comments?post=213"}],"version-history":[{"count":14,"href":"https:\/\/therollingwines.com\/index.php\/wp-json\/wp\/v2\/pages\/213\/revisions"}],"predecessor-version":[{"id":744,"href":"https:\/\/therollingwines.com\/index.php\/wp-json\/wp\/v2\/pages\/213\/revisions\/744"}],"up":[{"embeddable":true,"href":"https:\/\/therollingwines.com\/index.php\/wp-json\/wp\/v2\/pages\/130"}],"wp:attachment":[{"href":"https:\/\/therollingwines.com\/index.php\/wp-json\/wp\/v2\/media?parent=213"}],"curies":[{"name":"wp","href":"https:\/\/api.w.org\/{rel}","templated":true}]}}